{"id":1136,"date":"2023-06-10T19:10:15","date_gmt":"2023-06-10T10:10:15","guid":{"rendered":"https:\/\/comic-addict.com\/editorial\/fr\/?page_id=1136"},"modified":"2023-06-11T22:04:09","modified_gmt":"2023-06-11T13:04:09","slug":"cookie-policy","status":"publish","type":"page","link":"https:\/\/comic-addict.com\/editorial\/fr\/cookie-policy\/","title":{"rendered":"Cookie Policy"},"content":{"rendered":"<div class=\"MuiBox-root css-1wjuvoo\">\n<div class=\"MuiBox-root css-tf0ujh\">\n<h6 class=\"MuiTypography-root MuiTypography-h6 css-6f98mu\">1. Politique de gestion des cookies<\/h6>\n<\/div>\n<div class=\"MuiBox-root css-avlszb\">\n<p>En cliquant sur le bouton \u00ab OK \u00bb dans la banni\u00e8re cookies, vous consentez \u00e0 l\u2019installation des types de cookies d\u00e9crits ci-dessous.<\/p>\n<p class=\"MuiTypography-root MuiTypography-body1 css-k93w6p\">\n<\/div>\n<\/div>\n<div class=\"MuiBox-root css-1wjuvoo\">\n<div class=\"MuiBox-root css-tf0ujh\">\n<h6 class=\"MuiTypography-root MuiTypography-h6 css-6f98mu\"><\/h6>\n<h6 class=\"MuiTypography-root MuiTypography-h6 css-6f98mu\">2. Qu&#8217;est-ce qu&#8217;un cookie ?<\/h6>\n<\/div>\n<div class=\"MuiBox-root css-avlszb\">\n<p class=\"MuiTypography-root MuiTypography-body1 css-k93w6p\">Les cookies sont de petits fichiers de donn\u00e9es qui sont t\u00e9l\u00e9charg\u00e9s sur votre appareil par le site internet que vous visitez. Lorsque vous reviendrez sur le site en question, votre appareil sera reconnu gr\u00e2ce aux cookies. En utilisant les cookies et autres technologies similaires, telles que les pixels espions\/balises web et les scripts (\u00ab cookies \u00bb), les sites internet peuvent alors recueillir des informations sur leurs visiteurs. Ces informations peuvent comprendre votre adresse IP, l\u2019appareil que vous utilisez et les clics que vous effectuez, comme par exemple les pages Web que vous consultez et la mani\u00e8re dont vous naviguez sur le site internet. Nous utilisons des cookies de session qui sont supprim\u00e9s lorsque vous fermez votre navigateur, ainsi que des cookies persistants qui restent sur votre appareil pour une dur\u00e9e pr\u00e9d\u00e9finie. Certains cookies sont plac\u00e9s par nos soins, tandis que d\u2019autres sont plac\u00e9s par des tiers. Les cookies tiers peuvent \u00e9galement recueillir des donn\u00e9es en dehors de notre site internet.<\/p>\n<p class=\"MuiTypography-root MuiTypography-body1 css-k93w6p\">\n<\/div>\n<\/div>\n<div class=\"MuiBox-root css-1wjuvoo\">\n<div class=\"MuiBox-root css-tf0ujh\">\n<div class=\"line MuiBox-root css-0\">\n<h6 class=\"MuiTypography-root MuiTypography-h6 css-6f98mu\"><\/h6>\n<\/div>\n<h6 class=\"MuiTypography-root MuiTypography-h6 css-6f98mu\">3. Quels types de cookies utilisons-nous ?<\/h6>\n<\/div>\n<div class=\"MuiBox-root css-avlszb\">\n<p>En utilisant ce site internet, nous les traitons conform\u00e9ment aux fins \u00e9nonc\u00e9es dans la politique de confidentialit\u00e9 lorsque nous collectons des donn\u00e9es personnelles via des cookies.<\/p>\n<div class=\"MuiBox-root css-16q5taz\"><a href=\"https:\/\/comic-addict.com\/editorial\/fr\/privacy-policy\/\">Lire la politique de confidentialit\u00e9 &gt;<\/a><\/div>\n<p>&nbsp;<\/p>\n<p class=\"MuiTypography-root MuiTypography-body1 css-18evjq5\">A. Cookies analytiques<\/p>\n<p class=\"MuiTypography-root MuiTypography-body1 css-k93w6p\">Ce site utilise Google Analytics, un service fourni par Google LLC, pour comprendre le statut d&#8217;acc\u00e8s au site. Google Analytics utilise des cookies pour collecter des informations d&#8217;acc\u00e8s. Ces informations d&#8217;acc\u00e8s sont collect\u00e9es de mani\u00e8re anonyme et ne sont pas personnellement identifiables.<\/p>\n<p class=\"MuiTypography-root MuiTypography-body1 css-18evjq5\">B. Les cookies publicitaires<\/p>\n<p class=\"MuiTypography-root MuiTypography-body1 css-k93w6p\">Lorsque vous s\u00e9lectionnez cette option, nous pla\u00e7ons des cookies publicitaires pour recueillir des informations sur vos visites et vos clics sur notre site Internet, et sur des sites Internet tiers, afin de rendre notre contenu et nos publicit\u00e9s pertinents selon vos int\u00e9r\u00eats. Ces cookies sont g\u00e9n\u00e9ralement plac\u00e9s par des r\u00e9seaux publicitaires tiers, qui agissent en tant qu\u2019interm\u00e9diaires entre nous et les publicitaires. Ils recueillent des informations sur votre utilisation de notre site Internet et d\u2019autres sites Internet tiers.<\/p>\n<p class=\"MuiTypography-root MuiTypography-body1 css-k93w6p\">Les cookies de personnalisation de la publicit\u00e9 sont utilis\u00e9s pour :<\/p>\n<p class=\"MuiTypography-root MuiTypography-body1 css-k93w6p\">&#8211; Vous montrer des publicit\u00e9s ou des offres pertinentes et personnalis\u00e9es, y compris sur les r\u00e9seaux sociaux et via des banni\u00e8res publicitaires sur des sites Internet tiers, en fonction de vos visites et de votre comportement en mati\u00e8re de clics sur notre site Internet et sur des sites Internet tiers ;<\/p>\n<p class=\"MuiTypography-root MuiTypography-body1 css-k93w6p\">&#8211; Limiter le nombre de fois que vous voyez une publicit\u00e9.<\/p>\n<p class=\"MuiTypography-root MuiTypography-body1 css-k93w6p\">&#8211; Vous permettre d\u2019aimer et de partager du contenu avec vos amis sur les plateformes de r\u00e9seaux sociaux telles que Facebook et Twitter. Ces plateformes peuvent \u00e9galement utiliser ces cookies \u00e0 leurs propres fins marketing.<\/p>\n<div class=\"MuiPaper-root MuiPaper-elevation MuiPaper-rounded MuiPaper-elevation1 MuiAccordion-root MuiAccordion-rounded MuiAccordion-gutters css-m49f5j\">\n<div class=\"MuiButtonBase-root MuiAccordionSummary-root MuiAccordionSummary-gutters css-1iji0d4\" tabindex=\"0\" role=\"button\" aria-expanded=\"false\">\n<div class=\"MuiAccordionSummary-content MuiAccordionSummary-contentGutters css-17o5nyn\">\n<p class=\"MuiTypography-root MuiTypography-body1 css-k93w6p\">Quels sont les cookies utilis\u00e9s sur notre site et quels sont nos partenaires ?<\/p>\n<\/div>\n<\/div>\n<div class=\"MuiCollapse-root MuiCollapse-vertical MuiCollapse-hidden css-a0y2e3\">\n<div class=\"MuiCollapse-wrapper MuiCollapse-vertical css-hboir5\">\n<div class=\"MuiCollapse-wrapperInner MuiCollapse-vertical css-8atqhb\">\n<div class=\"MuiAccordion-region\" role=\"region\">\n<div class=\"MuiAccordionDetails-root css-u7qq7e\">\n<div class=\"MuiPaper-root MuiPaper-elevation MuiPaper-rounded MuiPaper-elevation1 MuiTableContainer-root css-13xy2my\"><img loading=\"lazy\" decoding=\"async\" class=\"wp-image-1142 size-full alignnone\" src=\"http:\/\/comic-addict.com\/editorial\/en\/wp-content\/uploads\/2023\/06\/CAL-Cookie-List.png\" alt=\"\" width=\"816\" height=\"704\" srcset=\"https:\/\/comic-addict.com\/editorial\/fr\/wp-content\/uploads\/2023\/06\/CAL-Cookie-List.png 816w, https:\/\/comic-addict.com\/editorial\/fr\/wp-content\/uploads\/2023\/06\/CAL-Cookie-List-300x259.png 300w, https:\/\/comic-addict.com\/editorial\/fr\/wp-content\/uploads\/2023\/06\/CAL-Cookie-List-768x663.png 768w\" sizes=\"auto, (max-width: 816px) 100vw, 816px\" \/><\/div>\n<\/div>\n<\/div>\n<\/div>\n<\/div>\n<\/div>\n<\/div>\n<\/div>\n<\/div>\n<div class=\"MuiBox-root css-1wjuvoo\">\n<div class=\"MuiBox-root css-tf0ujh\">\n<div class=\"line MuiBox-root css-0\">\n<h6 class=\"MuiTypography-root MuiTypography-h6 css-6f98mu\"><\/h6>\n<\/div>\n<h6 class=\"MuiTypography-root MuiTypography-h6 css-6f98mu\">4. R\u00e9gler les param\u00e8tres cookies et\/ou supprimer les cookies<\/h6>\n<\/div>\n<div class=\"MuiBox-root css-avlszb\">\n<p class=\"MuiTypography-root MuiTypography-body1 css-k93w6p\">Vous pouvez r\u00e9gler les param\u00e8tres de votre navigateur pour emp\u00eacher les sites Internet de placer des cookies ou bloquer les cookies provenant de tiers. Dans ce cas, il se peut que certaines fonctionnalit\u00e9s de notre site internet soient indisponibles ou qu\u2019elles ne fonctionnent pas correctement. D\u00e9couvrez comment r\u00e9gler vos param\u00e8tres en fonction de votre navigateur :<\/p>\n<div class=\"MuiBox-root css-16q5taz\"><a href=\"https:\/\/support.apple.com\/en-gb\/guide\/safari\/sfri11471\/mac\">\u30fbSafari<\/a><\/div>\n<div class=\"MuiBox-root css-16q5taz\"><a href=\"https:\/\/support.google.com\/chrome\/answer\/95647?hl=en\">\u30fbChrome<\/a><\/div>\n<div class=\"MuiBox-root css-16q5taz\"><a href=\"https:\/\/support.mozilla.org\/en-US\/kb\/cookies-information-websites-store-on-your-computer\">\u30fbFirefox<\/a><\/div>\n<div class=\"MuiBox-root css-16q5taz\"><a href=\"https:\/\/support.microsoft.com\/en-us\/windows\/delete-and-manage-cookies-168dab11-0753-043d-7c16-ede5947fc64d#ie=ie-11\">\u30fbInternet Explorer<\/a><\/div>\n<p class=\"MuiTypography-root MuiTypography-body1 css-k93w6p\">Pour trouver des informations relatives \u00e0 d\u2019autres navigateurs, visitez le site internet du d\u00e9veloppeur de votre navigateur.<\/p>\n<\/div>\n<\/div>\n<div class=\"MuiBox-root css-1wjuvoo\">\n<div class=\"MuiBox-root css-tf0ujh\">\n<div class=\"line MuiBox-root css-0\">\n<h6 class=\"MuiTypography-root MuiTypography-h6 css-6f98mu\"><\/h6>\n<\/div>\n<h6 class=\"MuiTypography-root MuiTypography-h6 css-6f98mu\">5. A propos de cette politique de gestion des cookies<\/h6>\n<\/div>\n<div class=\"MuiBox-root css-avlszb\">\n<p class=\"MuiTypography-root MuiTypography-body1 css-k93w6p\">En cas de modification de notre politique de gestion des cookies, nous modifierons le texte ci-dessus et la liste des cookies plac\u00e9s en cons\u00e9quence. Nous vous informerons de tout changement majeur.<\/p>\n<p class=\"MuiTypography-root MuiTypography-body1 css-k93w6p\">Cette politique de gestion des cookies a \u00e9t\u00e9 mise \u00e0 jour le 10 juin 2023.<\/p>\n<\/div>\n<\/div>\n","protected":false},"excerpt":{"rendered":"<p>1. Politique de gest<\/p>\n","protected":false},"author":2,"featured_media":0,"parent":0,"menu_order":0,"comment_status":"closed","ping_status":"closed","template":"","meta":{"footnotes":""},"class_list":["post-1136","page","type-page","status-publish","hentry"],"aioseo_notices":[],"_links":{"self":[{"href":"https:\/\/comic-addict.com\/editorial\/fr\/wp-json\/wp\/v2\/pages\/1136","targetHints":{"allow":["GET"]}}],"collection":[{"href":"https:\/\/comic-addict.com\/editorial\/fr\/wp-json\/wp\/v2\/pages"}],"about":[{"href":"https:\/\/comic-addict.com\/editorial\/fr\/wp-json\/wp\/v2\/types\/page"}],"author":[{"embeddable":true,"href":"https:\/\/comic-addict.com\/editorial\/fr\/wp-json\/wp\/v2\/users\/2"}],"replies":[{"embeddable":true,"href":"https:\/\/comic-addict.com\/editorial\/fr\/wp-json\/wp\/v2\/comments?post=1136"}],"version-history":[{"count":6,"href":"https:\/\/comic-addict.com\/editorial\/fr\/wp-json\/wp\/v2\/pages\/1136\/revisions"}],"predecessor-version":[{"id":1153,"href":"https:\/\/comic-addict.com\/editorial\/fr\/wp-json\/wp\/v2\/pages\/1136\/revisions\/1153"}],"wp:attachment":[{"href":"https:\/\/comic-addict.com\/editorial\/fr\/wp-json\/wp\/v2\/media?parent=1136"}],"curies":[{"name":"wp","href":"https:\/\/api.w.org\/{rel}","templated":true}]}}